{"id":2331,"date":"2025-11-10T12:41:12","date_gmt":"2025-11-10T11:41:12","guid":{"rendered":"https:\/\/studiocollectibl.fr\/?page_id=2331"},"modified":"2025-11-25T19:36:41","modified_gmt":"2025-11-25T18:36:41","slug":"marie-ange","status":"publish","type":"page","link":"https:\/\/studiocollectibl.fr\/?page_id=2331","title":{"rendered":"Marie-Ange"},"content":{"rendered":"\t\t<div data-elementor-type=\"wp-page\" data-elementor-id=\"2331\" class=\"elementor elementor-2331\">\n\t\t\t\t<div class=\"elementor-element elementor-element-71f38f0 e-flex e-con-boxed e-con e-parent\" data-id=\"71f38f0\" data-element_type=\"container\" data-e-type=\"container\">\n\t\t\t\t\t<div class=\"e-con-inner\">\n\t\t\t\t<div class=\"elementor-element elementor-element-7b90315 elementor-widget elementor-widget-text-editor\" data-id=\"7b90315\" data-element_type=\"widget\" data-e-type=\"widget\" data-widget_type=\"text-editor.default\">\n\t\t\t\t<div class=\"elementor-widget-container\">\n\t\t\t\t\t\t\t\t\t<p>Collections &gt; Parcs \u00e0 th\u00e8mes &gt; <b>Marie-Ange, petit ange<\/b><\/p>\t\t\t\t\t\t\t\t<\/div>\n\t\t\t\t<\/div>\n\t\t\t\t\t<\/div>\n\t\t\t\t<\/div>\n\t\t<div class=\"elementor-element elementor-element-fc1b5fc e-flex e-con-boxed e-con e-parent\" data-id=\"fc1b5fc\" data-element_type=\"container\" data-e-type=\"container\">\n\t\t\t\t\t<div class=\"e-con-inner\">\n\t\t<div class=\"elementor-element elementor-element-1c499e8 e-con-full e-flex e-con e-child\" data-id=\"1c499e8\" data-element_type=\"container\" data-e-type=\"container\">\n\t\t\t\t<div class=\"elementor-element elementor-element-fb20fc6 elementor-widget elementor-widget-heading\" data-id=\"fb20fc6\" data-element_type=\"widget\" data-e-type=\"widget\" data-widget_type=\"heading.default\">\n\t\t\t\t<div class=\"elementor-widget-container\">\n\t\t\t\t\t<h1 class=\"elementor-heading-title elementor-size-default\">Marie-Ange,<br>petit-ange<\/h1>\t\t\t\t<\/div>\n\t\t\t\t<\/div>\n\t\t\t\t<div class=\"elementor-element elementor-element-342e554 elementor-widget elementor-widget-text-editor\" data-id=\"342e554\" data-element_type=\"widget\" data-e-type=\"widget\" data-widget_type=\"text-editor.default\">\n\t\t\t\t<div class=\"elementor-widget-container\">\n\t\t\t\t\t\t\t\t\t<p data-start=\"299\" data-end=\"634\">D\u00e9couvrez <em data-start=\"309\" data-end=\"333\">Marie-Ange, petit ange<\/em>, une maquette \u00e9mouvante inspir\u00e9e d\u2019un \u00e9pisode tragique des <strong data-start=\"393\" data-end=\"414\">Guerres de Vend\u00e9e<\/strong>.<\/p><p data-start=\"299\" data-end=\"634\"><br data-start=\"415\" data-end=\"418\" \/>Enti\u00e8rement <strong data-start=\"430\" data-end=\"449\">mod\u00e9lis\u00e9e en 3D<\/strong>, <strong data-start=\"451\" data-end=\"470\">imprim\u00e9e en PLA<\/strong>, puis <strong data-start=\"477\" data-end=\"510\">peinte et assembl\u00e9e \u00e0 la main<\/strong>, elle capture avec justesse la beaut\u00e9 fragile d\u2019une <strong data-start=\"563\" data-end=\"582\">\u00e9glise en ruine<\/strong> et la tendresse d\u2019une rencontre au c\u0153ur du chaos.<\/p><p data-start=\"299\" data-end=\"634\">\u00a0<\/p><p data-start=\"636\" data-end=\"1014\">Chaque d\u00e9tail \u2014 la pierre fissur\u00e9e, les d\u00e9bris, la fine couche de neige et la lumi\u00e8re symbolique qui entoure la sc\u00e8ne \u2014 a \u00e9t\u00e9 travaill\u00e9 avec pr\u00e9cision pour restituer <strong data-start=\"802\" data-end=\"830\">l\u2019\u00e9motion et le r\u00e9alisme<\/strong> de ce moment suspendu.<br data-start=\"853\" data-end=\"856\" \/>Les textures, les volumes et la peinture acrylique \u00e0 la main conf\u00e8rent \u00e0 cette pi\u00e8ce un caract\u00e8re unique, entre hommage historique et \u0153uvre d\u2019art miniature.<\/p>\t\t\t\t\t\t\t\t<\/div>\n\t\t\t\t<\/div>\n\t\t\t\t<div class=\"elementor-element elementor-element-b88bdf5 elementor-widget-divider--view-line elementor-widget elementor-widget-divider\" data-id=\"b88bdf5\" data-element_type=\"widget\" data-e-type=\"widget\" data-widget_type=\"divider.default\">\n\t\t\t\t<div class=\"elementor-widget-container\">\n\t\t\t\t\t\t\t<div class=\"elementor-divider\">\n\t\t\t<span class=\"elementor-divider-separator\">\n\t\t\t\t\t\t<\/span>\n\t\t<\/div>\n\t\t\t\t\t\t<\/div>\n\t\t\t\t<\/div>\n\t\t<div class=\"elementor-element elementor-element-3e9a10e e-grid e-con-full e-con e-child\" data-id=\"3e9a10e\" data-element_type=\"container\" data-e-type=\"container\">\n\t\t\t\t<div class=\"elementor-element elementor-element-412648a elementor-widget elementor-widget-heading\" data-id=\"412648a\" data-element_type=\"widget\" data-e-type=\"widget\" data-widget_type=\"heading.default\">\n\t\t\t\t<div class=\"elementor-widget-container\">\n\t\t\t\t\t<h2 class=\"elementor-heading-title elementor-size-default\">Prix : 150 \u20ac<\/h2>\t\t\t\t<\/div>\n\t\t\t\t<\/div>\n\t\t\t\t<div class=\"elementor-element elementor-element-9e5c3b9 elementor-align-center elementor-widget elementor-widget-button\" data-id=\"9e5c3b9\" data-element_type=\"widget\" data-e-type=\"widget\" data-widget_type=\"button.default\">\n\t\t\t\t<div class=\"elementor-widget-container\">\n\t\t\t\t\t\t\t\t\t<div class=\"elementor-button-wrapper\">\n\t\t\t\t\t<a class=\"elementor-button elementor-button-link elementor-size-sm\" href=\"https:\/\/studiocollectibl.myshopify.com\/products\/marie-ange-petit-ange\">\n\t\t\t\t\t\t<span class=\"elementor-button-content-wrapper\">\n\t\t\t\t\t\t\t\t\t<span class=\"elementor-button-text\">Acheter<\/span>\n\t\t\t\t\t<\/span>\n\t\t\t\t\t<\/a>\n\t\t\t\t<\/div>\n\t\t\t\t\t\t\t\t<\/div>\n\t\t\t\t<\/div>\n\t\t\t\t<\/div>\n\t\t\t\t<\/div>\n\t\t<div class=\"elementor-element elementor-element-e8fad41 e-con-full e-flex e-con e-child\" data-id=\"e8fad41\" data-element_type=\"container\" data-e-type=\"container\">\n\t\t\t\t<div class=\"elementor-element elementor-element-eb93e19 elementor-arrows-position-inside elementor-pagination-position-outside elementor-widget elementor-widget-image-carousel\" data-id=\"eb93e19\" data-element_type=\"widget\" data-e-type=\"widget\" data-settings=\"{&quot;slides_to_show&quot;:&quot;1&quot;,&quot;navigation&quot;:&quot;both&quot;,&quot;autoplay&quot;:&quot;yes&quot;,&quot;pause_on_hover&quot;:&quot;yes&quot;,&quot;pause_on_interaction&quot;:&quot;yes&quot;,&quot;autoplay_speed&quot;:5000,&quot;infinite&quot;:&quot;yes&quot;,&quot;effect&quot;:&quot;slide&quot;,&quot;speed&quot;:500}\" data-widget_type=\"image-carousel.default\">\n\t\t\t\t<div class=\"elementor-widget-container\">\n\t\t\t\t\t\t\t<div class=\"elementor-image-carousel-wrapper swiper\" role=\"region\" aria-roledescription=\"carousel\" aria-label=\"Carrousel d\u2019images\" dir=\"ltr\">\n\t\t\t<div class=\"elementor-image-carousel swiper-wrapper\" aria-live=\"off\">\n\t\t\t\t\t\t\t\t<div class=\"swiper-slide\" role=\"group\" aria-roledescription=\"slide\" aria-label=\"1 sur 3\"><figure class=\"swiper-slide-inner\"><img decoding=\"async\" class=\"swiper-slide-image\" src=\"https:\/\/studiocollectibl.fr\/wp-content\/uploads\/2025\/11\/marie-ange-1.jpg\" alt=\"marie ange 1\" title=\"Marie-Ange\"><\/figure><\/div><div class=\"swiper-slide\" role=\"group\" aria-roledescription=\"slide\" aria-label=\"2 sur 3\"><figure class=\"swiper-slide-inner\"><img decoding=\"async\" class=\"swiper-slide-image\" src=\"https:\/\/studiocollectibl.fr\/wp-content\/uploads\/2025\/11\/marie-ange-2.jpg\" alt=\"marie ange 2\" title=\"Marie-Ange\"><\/figure><\/div><div class=\"swiper-slide\" role=\"group\" aria-roledescription=\"slide\" aria-label=\"3 sur 3\"><figure class=\"swiper-slide-inner\"><img decoding=\"async\" class=\"swiper-slide-image\" src=\"https:\/\/studiocollectibl.fr\/wp-content\/uploads\/2025\/11\/marie-ange-4.jpg\" alt=\"marie ange 4\" title=\"Marie-Ange\"><\/figure><\/div>\t\t\t<\/div>\n\t\t\t\t\t\t\t\t\t\t\t\t<div class=\"elementor-swiper-button elementor-swiper-button-prev\" role=\"button\" tabindex=\"0\">\n\t\t\t\t\t\t<i aria-hidden=\"true\" class=\"eicon-chevron-left\"><\/i>\t\t\t\t\t<\/div>\n\t\t\t\t\t<div class=\"elementor-swiper-button elementor-swiper-button-next\" role=\"button\" tabindex=\"0\">\n\t\t\t\t\t\t<i aria-hidden=\"true\" class=\"eicon-chevron-right\"><\/i>\t\t\t\t\t<\/div>\n\t\t\t\t\n\t\t\t\t\t\t\t\t\t<div class=\"swiper-pagination\"><\/div>\n\t\t\t\t\t\t\t\t\t<\/div>\n\t\t\t\t\t\t<\/div>\n\t\t\t\t<\/div>\n\t\t\t\t<\/div>\n\t\t\t\t\t<\/div>\n\t\t\t\t<\/div>\n\t\t<div class=\"elementor-element elementor-element-1be68b2 e-flex e-con-boxed e-con e-parent\" data-id=\"1be68b2\" data-element_type=\"container\" data-e-type=\"container\">\n\t\t\t\t\t<div class=\"e-con-inner\">\n\t\t<div class=\"elementor-element elementor-element-fc1710d e-con-full e-flex e-con e-child\" data-id=\"fc1710d\" data-element_type=\"container\" data-e-type=\"container\">\n\t\t\t\t<div class=\"elementor-element elementor-element-bc83372 elementor-widget elementor-widget-heading\" data-id=\"bc83372\" data-element_type=\"widget\" data-e-type=\"widget\" data-widget_type=\"heading.default\">\n\t\t\t\t<div class=\"elementor-widget-container\">\n\t\t\t\t\t<h2 class=\"elementor-heading-title elementor-size-default\">\ud83d\udccf Fiche technique<\/h2>\t\t\t\t<\/div>\n\t\t\t\t<\/div>\n\t\t\t\t<div class=\"elementor-element elementor-element-06600a2 elementor-widget elementor-widget-text-editor\" data-id=\"06600a2\" data-element_type=\"widget\" data-e-type=\"widget\" data-widget_type=\"text-editor.default\">\n\t\t\t\t<div class=\"elementor-widget-container\">\n\t\t\t\t\t\t\t\t\t<ul><li data-start=\"1228\" data-end=\"1264\"><p data-start=\"1230\" data-end=\"1264\"><strong data-start=\"1230\" data-end=\"1246\">Dimensions :<\/strong> 28 \u00d7 18 \u00d7 19 cm<\/p><\/li><li data-start=\"1265\" data-end=\"1310\"><p data-start=\"1267\" data-end=\"1310\"><strong data-start=\"1267\" data-end=\"1282\">Mat\u00e9riaux :<\/strong> PLA, fausse neige, papier<\/p><\/li><li data-start=\"1311\" data-end=\"1360\"><p data-start=\"1313\" data-end=\"1360\"><strong data-start=\"1313\" data-end=\"1327\">Peinture :<\/strong> Acrylique, finitions \u00e0 la main<\/p><\/li><li data-start=\"1361\" data-end=\"1411\"><p data-start=\"1363\" data-end=\"1411\"><strong data-start=\"1363\" data-end=\"1380\">Fabrication :<\/strong> 100 % artisanale \u2013 en France<\/p><\/li><li data-start=\"1412\" data-end=\"1450\"><p data-start=\"1414\" data-end=\"1450\"><strong data-start=\"1414\" data-end=\"1424\">Type :<\/strong> Pi\u00e8ce cr\u00e9\u00e9e sur demande<\/p><\/li><\/ul>\t\t\t\t\t\t\t\t<\/div>\n\t\t\t\t<\/div>\n\t\t\t\t<\/div>\n\t\t<div class=\"elementor-element elementor-element-d3e30ff e-con-full e-flex e-con e-child\" data-id=\"d3e30ff\" data-element_type=\"container\" data-e-type=\"container\">\n\t\t\t\t<div class=\"elementor-element elementor-element-eb7bc16 elementor-widget elementor-widget-heading\" data-id=\"eb7bc16\" data-element_type=\"widget\" data-e-type=\"widget\" data-widget_type=\"heading.default\">\n\t\t\t\t<div class=\"elementor-widget-container\">\n\t\t\t\t\t<h2 class=\"elementor-heading-title elementor-size-default\">\ud83d\udcac Informations<\/h2>\t\t\t\t<\/div>\n\t\t\t\t<\/div>\n\t\t\t\t<div class=\"elementor-element elementor-element-8c7b085 elementor-widget elementor-widget-text-editor\" data-id=\"8c7b085\" data-element_type=\"widget\" data-e-type=\"widget\" data-widget_type=\"text-editor.default\">\n\t\t\t\t<div class=\"elementor-widget-container\">\n\t\t\t\t\t\t\t\t\t<p>Cette pi\u00e8ce n\u2019est <strong data-start=\"1304\" data-end=\"1320\">pas un jouet<\/strong>, mais <strong data-start=\"1327\" data-end=\"1365\">une \u0153uvre artisanale de collection<\/strong>, destin\u00e9e aux passionn\u00e9s d\u2019histoire, aux amateurs d\u2019art miniature et aux collectionneurs exigeants.<\/p><p><br data-start=\"1465\" data-end=\"1468\" \/>Chaque exemplaire est <strong data-start=\"1490\" data-end=\"1500\">unique<\/strong>, r\u00e9alis\u00e9 avec patience et pr\u00e9cision.<\/p><p>\u00a0<\/p><p>De l\u00e9g\u00e8res variations peuvent exister entre la maquette que vous recevrez et les photos pr\u00e9sent\u00e9es. Ces petites diff\u00e9rences font tout le charme d\u2019un <strong data-start=\"697\" data-end=\"717\">mod\u00e8le artisanal<\/strong>, v\u00e9ritablement <strong data-start=\"733\" data-end=\"743\">unique<\/strong>.<\/p>\t\t\t\t\t\t\t\t<\/div>\n\t\t\t\t<\/div>\n\t\t\t\t<\/div>\n\t\t\t\t\t<\/div>\n\t\t\t\t<\/div>\n\t\t<div class=\"elementor-element elementor-element-b55dc8f e-flex e-con-boxed e-con e-parent\" data-id=\"b55dc8f\" data-element_type=\"container\" data-e-type=\"container\">\n\t\t\t\t\t<div class=\"e-con-inner\">\n\t\t\t\t<div class=\"elementor-element elementor-element-a44786f elementor-widget elementor-widget-heading\" data-id=\"a44786f\" data-element_type=\"widget\" data-e-type=\"widget\" data-widget_type=\"heading.default\">\n\t\t\t\t<div class=\"elementor-widget-container\">\n\t\t\t\t\t<h2 class=\"elementor-heading-title elementor-size-default\">D\u00e9couvrez les images de Marie-Ange, petit ange<\/h2>\t\t\t\t<\/div>\n\t\t\t\t<\/div>\n\t\t\t\t<div class=\"elementor-element elementor-element-a03649b elementor-widget elementor-widget-text-editor\" data-id=\"a03649b\" data-element_type=\"widget\" data-e-type=\"widget\" data-widget_type=\"text-editor.default\">\n\t\t\t\t<div class=\"elementor-widget-container\">\n\t\t\t\t\t\t\t\t\t<p>Cliquez sur l&rsquo;image pour l&rsquo;agrandir<\/p>\t\t\t\t\t\t\t\t<\/div>\n\t\t\t\t<\/div>\n\t\t\t\t<div class=\"elementor-element elementor-element-74e4985 gallery-spacing-custom elementor-widget elementor-widget-image-gallery\" data-id=\"74e4985\" data-element_type=\"widget\" data-e-type=\"widget\" data-widget_type=\"image-gallery.default\">\n\t\t\t\t<div class=\"elementor-widget-container\">\n\t\t\t\t\t\t\t<div class=\"elementor-image-gallery\">\n\t\t\t<div id='gallery-1' class='gallery galleryid-2331 gallery-columns-2 gallery-size-full'><figure class='gallery-item'>\n\t\t\t<div class='gallery-icon landscape'>\n\t\t\t\t<a data-elementor-open-lightbox=\"yes\" data-elementor-lightbox-slideshow=\"74e4985\" data-elementor-lightbox-title=\"marie ange 1\" data-e-action-hash=\"#elementor-action%3Aaction%3Dlightbox%26settings%3DeyJpZCI6MjMzMiwidXJsIjoiaHR0cHM6XC9cL3N0dWRpb2NvbGxlY3RpYmwuZnJcL3dwLWNvbnRlbnRcL3VwbG9hZHNcLzIwMjVcLzExXC9tYXJpZS1hbmdlLTEuanBnIiwic2xpZGVzaG93IjoiNzRlNDk4NSJ9\" href='https:\/\/studiocollectibl.fr\/wp-content\/uploads\/2025\/11\/marie-ange-1.jpg'><img fetchpriority=\"high\" decoding=\"async\" width=\"1000\" height=\"800\" src=\"https:\/\/studiocollectibl.fr\/wp-content\/uploads\/2025\/11\/marie-ange-1.jpg\" class=\"attachment-full size-full\" alt=\"marie ange 1\" srcset=\"https:\/\/studiocollectibl.fr\/wp-content\/uploads\/2025\/11\/marie-ange-1.jpg 1000w, https:\/\/studiocollectibl.fr\/wp-content\/uploads\/2025\/11\/marie-ange-1-300x240.jpg 300w, https:\/\/studiocollectibl.fr\/wp-content\/uploads\/2025\/11\/marie-ange-1-768x614.jpg 768w\" sizes=\"(max-width: 1000px) 100vw, 1000px\" title=\"Marie-Ange\"><\/a>\n\t\t\t<\/div><\/figure><figure class='gallery-item'>\n\t\t\t<div class='gallery-icon landscape'>\n\t\t\t\t<a data-elementor-open-lightbox=\"yes\" data-elementor-lightbox-slideshow=\"74e4985\" data-elementor-lightbox-title=\"marie ange 2\" data-e-action-hash=\"#elementor-action%3Aaction%3Dlightbox%26settings%3DeyJpZCI6MjMzMywidXJsIjoiaHR0cHM6XC9cL3N0dWRpb2NvbGxlY3RpYmwuZnJcL3dwLWNvbnRlbnRcL3VwbG9hZHNcLzIwMjVcLzExXC9tYXJpZS1hbmdlLTIuanBnIiwic2xpZGVzaG93IjoiNzRlNDk4NSJ9\" href='https:\/\/studiocollectibl.fr\/wp-content\/uploads\/2025\/11\/marie-ange-2.jpg'><img decoding=\"async\" width=\"1000\" height=\"800\" src=\"https:\/\/studiocollectibl.fr\/wp-content\/uploads\/2025\/11\/marie-ange-2.jpg\" class=\"attachment-full size-full\" alt=\"marie ange 2\" srcset=\"https:\/\/studiocollectibl.fr\/wp-content\/uploads\/2025\/11\/marie-ange-2.jpg 1000w, https:\/\/studiocollectibl.fr\/wp-content\/uploads\/2025\/11\/marie-ange-2-300x240.jpg 300w, https:\/\/studiocollectibl.fr\/wp-content\/uploads\/2025\/11\/marie-ange-2-768x614.jpg 768w\" sizes=\"(max-width: 1000px) 100vw, 1000px\" title=\"Marie-Ange\"><\/a>\n\t\t\t<\/div><\/figure><figure class='gallery-item'>\n\t\t\t<div class='gallery-icon landscape'>\n\t\t\t\t<a data-elementor-open-lightbox=\"yes\" data-elementor-lightbox-slideshow=\"74e4985\" data-elementor-lightbox-title=\"marie ange 3\" data-e-action-hash=\"#elementor-action%3Aaction%3Dlightbox%26settings%3DeyJpZCI6MjM0MiwidXJsIjoiaHR0cHM6XC9cL3N0dWRpb2NvbGxlY3RpYmwuZnJcL3dwLWNvbnRlbnRcL3VwbG9hZHNcLzIwMjVcLzExXC9tYXJpZS1hbmdlLTMtMS5qcGciLCJzbGlkZXNob3ciOiI3NGU0OTg1In0%3D\" href='https:\/\/studiocollectibl.fr\/wp-content\/uploads\/2025\/11\/marie-ange-3-1.jpg'><img decoding=\"async\" width=\"1000\" height=\"800\" src=\"https:\/\/studiocollectibl.fr\/wp-content\/uploads\/2025\/11\/marie-ange-3-1.jpg\" class=\"attachment-full size-full\" alt=\"marie ange 3\" srcset=\"https:\/\/studiocollectibl.fr\/wp-content\/uploads\/2025\/11\/marie-ange-3-1.jpg 1000w, https:\/\/studiocollectibl.fr\/wp-content\/uploads\/2025\/11\/marie-ange-3-1-300x240.jpg 300w, https:\/\/studiocollectibl.fr\/wp-content\/uploads\/2025\/11\/marie-ange-3-1-768x614.jpg 768w\" sizes=\"(max-width: 1000px) 100vw, 1000px\" title=\"Marie-Ange\"><\/a>\n\t\t\t<\/div><\/figure><figure class='gallery-item'>\n\t\t\t<div class='gallery-icon landscape'>\n\t\t\t\t<a data-elementor-open-lightbox=\"yes\" data-elementor-lightbox-slideshow=\"74e4985\" data-elementor-lightbox-title=\"marie ange 4\" data-e-action-hash=\"#elementor-action%3Aaction%3Dlightbox%26settings%3DeyJpZCI6MjMzNSwidXJsIjoiaHR0cHM6XC9cL3N0dWRpb2NvbGxlY3RpYmwuZnJcL3dwLWNvbnRlbnRcL3VwbG9hZHNcLzIwMjVcLzExXC9tYXJpZS1hbmdlLTQuanBnIiwic2xpZGVzaG93IjoiNzRlNDk4NSJ9\" href='https:\/\/studiocollectibl.fr\/wp-content\/uploads\/2025\/11\/marie-ange-4.jpg'><img loading=\"lazy\" decoding=\"async\" width=\"1000\" height=\"800\" src=\"https:\/\/studiocollectibl.fr\/wp-content\/uploads\/2025\/11\/marie-ange-4.jpg\" class=\"attachment-full size-full\" alt=\"marie ange 4\" srcset=\"https:\/\/studiocollectibl.fr\/wp-content\/uploads\/2025\/11\/marie-ange-4.jpg 1000w, https:\/\/studiocollectibl.fr\/wp-content\/uploads\/2025\/11\/marie-ange-4-300x240.jpg 300w, https:\/\/studiocollectibl.fr\/wp-content\/uploads\/2025\/11\/marie-ange-4-768x614.jpg 768w\" sizes=\"(max-width: 1000px) 100vw, 1000px\" title=\"Marie-Ange\"><\/a>\n\t\t\t<\/div><\/figure>\n\t\t<\/div>\n\t\t<\/div>\n\t\t\t\t\t\t<\/div>\n\t\t\t\t<\/div>\n\t\t\t\t\t<\/div>\n\t\t\t\t<\/div>\n\t\t<div class=\"elementor-element elementor-element-e8029eb e-flex e-con-boxed e-con e-parent\" data-id=\"e8029eb\" data-element_type=\"container\" data-e-type=\"container\">\n\t\t\t\t\t<div class=\"e-con-inner\">\n\t\t\t\t<div class=\"elementor-element elementor-element-09a11d1 elementor-widget-divider--view-line elementor-widget elementor-widget-divider\" data-id=\"09a11d1\" data-element_type=\"widget\" data-e-type=\"widget\" data-widget_type=\"divider.default\">\n\t\t\t\t<div class=\"elementor-widget-container\">\n\t\t\t\t\t\t\t<div class=\"elementor-divider\">\n\t\t\t<span class=\"elementor-divider-separator\">\n\t\t\t\t\t\t<\/span>\n\t\t<\/div>\n\t\t\t\t\t\t<\/div>\n\t\t\t\t<\/div>\n\t\t\t\t\t<\/div>\n\t\t\t\t<\/div>\n\t\t<div class=\"elementor-element elementor-element-0f6ac41 e-flex e-con-boxed e-con e-parent\" data-id=\"0f6ac41\" data-element_type=\"container\" data-e-type=\"container\">\n\t\t\t\t\t<div class=\"e-con-inner\">\n\t\t<div class=\"elementor-element elementor-element-4b158e4 e-con-full e-flex e-con e-child\" data-id=\"4b158e4\" data-element_type=\"container\" data-e-type=\"container\">\n\t\t\t\t<div class=\"elementor-element elementor-element-67387a8 elementor-widget elementor-widget-heading\" data-id=\"67387a8\" data-element_type=\"widget\" data-e-type=\"widget\" data-widget_type=\"heading.default\">\n\t\t\t\t<div class=\"elementor-widget-container\">\n\t\t\t\t\t<h2 class=\"elementor-heading-title elementor-size-default\">Chez Studio Collectibl., nous donnons vie \u00e0 la magie du cin\u00e9ma et des parcs \u00e0 th\u00e8mes\u2026 en miniature.<\/h2>\t\t\t\t<\/div>\n\t\t\t\t<\/div>\n\t\t\t\t<div class=\"elementor-element elementor-element-bfd69cc elementor-widget elementor-widget-text-editor\" data-id=\"bfd69cc\" data-element_type=\"widget\" data-e-type=\"widget\" data-widget_type=\"text-editor.default\">\n\t\t\t\t<div class=\"elementor-widget-container\">\n\t\t\t\t\t\t\t\t\t<p>Chaque pi\u00e8ce est enti\u00e8rement con\u00e7ue et r\u00e9alis\u00e9e en France, avec soin, cr\u00e9ativit\u00e9 et un profond respect du d\u00e9tail.<\/p><p>Plus qu\u2019un simple objet de collection, chaque cr\u00e9ation est une part d\u2019\u00e9motion que vous pouvez faire entrer chez vous.<\/p>\t\t\t\t\t\t\t\t<\/div>\n\t\t\t\t<\/div>\n\t\t\t\t<div class=\"elementor-element elementor-element-693f354 elementor-widget elementor-widget-button\" data-id=\"693f354\" data-element_type=\"widget\" data-e-type=\"widget\" data-widget_type=\"button.default\">\n\t\t\t\t<div class=\"elementor-widget-container\">\n\t\t\t\t\t\t\t\t\t<div class=\"elementor-button-wrapper\">\n\t\t\t\t\t<a class=\"elementor-button elementor-button-link elementor-size-sm\" href=\"https:\/\/studiocollectibl.fr\/#collection_parcs\">\n\t\t\t\t\t\t<span class=\"elementor-button-content-wrapper\">\n\t\t\t\t\t\t\t\t\t<span class=\"elementor-button-text\">D\u00e9couvrir la collection compl\u00e8te<\/span>\n\t\t\t\t\t<\/span>\n\t\t\t\t\t<\/a>\n\t\t\t\t<\/div>\n\t\t\t\t\t\t\t\t<\/div>\n\t\t\t\t<\/div>\n\t\t\t\t<\/div>\n\t\t<div class=\"elementor-element elementor-element-7de1087 e-con-full e-flex e-con e-child\" data-id=\"7de1087\" data-element_type=\"container\" data-e-type=\"container\">\n\t\t\t\t<div class=\"elementor-element elementor-element-eaeb322 elementor-widget elementor-widget-image\" data-id=\"eaeb322\" data-element_type=\"widget\" data-e-type=\"widget\" data-widget_type=\"image.default\">\n\t\t\t\t<div class=\"elementor-widget-container\">\n\t\t\t\t\t\t\t\t\t\t\t\t\t\t\t<img loading=\"lazy\" decoding=\"async\" width=\"240\" height=\"300\" src=\"https:\/\/studiocollectibl.fr\/wp-content\/uploads\/2025\/11\/thumbnail-contact-240x300.png\" class=\"attachment-medium size-medium wp-image-2196\" alt=\"thumbnail contact\" srcset=\"https:\/\/studiocollectibl.fr\/wp-content\/uploads\/2025\/11\/thumbnail-contact-240x300.png 240w, https:\/\/studiocollectibl.fr\/wp-content\/uploads\/2025\/11\/thumbnail-contact-768x960.png 768w, https:\/\/studiocollectibl.fr\/wp-content\/uploads\/2025\/11\/thumbnail-contact.png 800w\" sizes=\"(max-width: 240px) 100vw, 240px\" title=\"Marie-Ange\">\t\t\t\t\t\t\t\t\t\t\t\t\t\t\t<\/div>\n\t\t\t\t<\/div>\n\t\t\t\t<\/div>\n\t\t\t\t\t<\/div>\n\t\t\t\t<\/div>\n\t\t\t\t<\/div>\n\t\t","protected":false},"excerpt":{"rendered":"<p>Collections &gt; Parcs \u00e0 th\u00e8mes &gt; Marie-Ange, petit ange Marie-Ange,petit-ange D\u00e9couvrez Marie-Ange, petit ange, une maquette \u00e9mouvante inspir\u00e9e d\u2019un \u00e9pisode tragique des Guerres de Vend\u00e9e. Enti\u00e8rement mod\u00e9lis\u00e9e en 3D, imprim\u00e9e en PLA, puis peinte et assembl\u00e9e \u00e0 la main, elle capture avec justesse la beaut\u00e9 fragile d\u2019une \u00e9glise en ruine et la tendresse d\u2019une rencontre [&hellip;]<\/p>\n","protected":false},"author":1,"featured_media":0,"parent":1318,"menu_order":0,"comment_status":"closed","ping_status":"closed","template":"","meta":{"site-sidebar-layout":"no-sidebar","site-content-layout":"page-builder","ast-site-content-layout":"full-width-container","site-content-style":"unboxed","site-sidebar-style":"unboxed","ast-global-header-display":"","ast-banner-title-visibility":"","ast-main-header-display":"","ast-hfb-above-header-display":"","ast-hfb-below-header-display":"","ast-hfb-mobile-header-display":"","site-post-title":"disabled","ast-breadcrumbs-content":"","ast-featured-img":"disabled","footer-sml-layout":"","ast-disable-related-posts":"","theme-transparent-header-meta":"","adv-header-id-meta":"","stick-header-meta":"","header-above-stick-meta":"","header-main-stick-meta":"","header-below-stick-meta":"","astra-migrate-meta-layouts":"set","ast-page-background-enabled":"default","ast-page-background-meta":{"desktop":{"background-color":"var(--ast-global-color-4)","background-image":"","background-repeat":"repeat","background-position":"center center","background-size":"auto","background-attachment":"scroll","background-type":"","background-media":"","overlay-type":"","overlay-color":"","overlay-opacity":"","overlay-gradient":""},"tablet":{"background-color":"","background-image":"","background-repeat":"repeat","background-position":"center center","background-size":"auto","background-attachment":"scroll","background-type":"","background-media":"","overlay-type":"","overlay-color":"","overlay-opacity":"","overlay-gradient":""},"mobile":{"background-color":"","background-image":"","background-repeat":"repeat","background-position":"center center","background-size":"auto","background-attachment":"scroll","background-type":"","background-media":"","overlay-type":"","overlay-color":"","overlay-opacity":"","overlay-gradient":""}},"ast-content-background-meta":{"desktop":{"background-color":"var(--ast-global-color-5)","background-image":"","background-repeat":"repeat","background-position":"center center","background-size":"auto","background-attachment":"scroll","background-type":"","background-media":"","overlay-type":"","overlay-color":"","overlay-opacity":"","overlay-gradient":""},"tablet":{"background-color":"var(--ast-global-color-5)","background-image":"","background-repeat":"repeat","background-position":"center center","background-size":"auto","background-attachment":"scroll","background-type":"","background-media":"","overlay-type":"","overlay-color":"","overlay-opacity":"","overlay-gradient":""},"mobile":{"background-color":"var(--ast-global-color-5)","background-image":"","background-repeat":"repeat","background-position":"center center","background-size":"auto","background-attachment":"scroll","background-type":"","background-media":"","overlay-type":"","overlay-color":"","overlay-opacity":"","overlay-gradient":""}},"footnotes":""},"class_list":["post-2331","page","type-page","status-publish","hentry"],"_links":{"self":[{"href":"https:\/\/studiocollectibl.fr\/index.php?rest_route=\/wp\/v2\/pages\/2331","targetHints":{"allow":["GET"]}}],"collection":[{"href":"https:\/\/studiocollectibl.fr\/index.php?rest_route=\/wp\/v2\/pages"}],"about":[{"href":"https:\/\/studiocollectibl.fr\/index.php?rest_route=\/wp\/v2\/types\/page"}],"author":[{"embeddable":true,"href":"https:\/\/studiocollectibl.fr\/index.php?rest_route=\/wp\/v2\/users\/1"}],"replies":[{"embeddable":true,"href":"https:\/\/studiocollectibl.fr\/index.php?rest_route=%2Fwp%2Fv2%2Fcomments&post=2331"}],"version-history":[{"count":12,"href":"https:\/\/studiocollectibl.fr\/index.php?rest_route=\/wp\/v2\/pages\/2331\/revisions"}],"predecessor-version":[{"id":2448,"href":"https:\/\/studiocollectibl.fr\/index.php?rest_route=\/wp\/v2\/pages\/2331\/revisions\/2448"}],"up":[{"embeddable":true,"href":"https:\/\/studiocollectibl.fr\/index.php?rest_route=\/wp\/v2\/pages\/1318"}],"wp:attachment":[{"href":"https:\/\/studiocollectibl.fr\/index.php?rest_route=%2Fwp%2Fv2%2Fmedia&parent=2331"}],"curies":[{"name":"wp","href":"https:\/\/api.w.org\/{rel}","templated":true}]}}